{"id":49985,"date":"2020-06-12T10:04:36","date_gmt":"2020-06-12T08:04:36","guid":{"rendered":"http:\/\/lownew.zadiasoftware.com\/product\/certificacion-mx\/"},"modified":"2026-03-26T06:00:59","modified_gmt":"2026-03-26T05:00:59","slug":"certificacion-mx","status":"publish","type":"product","link":"http:\/\/mx.lownew.zadiasoftware.com\/en\/producto\/certificacion-mx\/","title":{"rendered":"Certificaci\u00f3n Mx"},"content":{"rendered":"<p>La certificaci\u00f3n consiste en un examen, de 30 preguntas tipo test, que habr\u00e1 de superarse para obtener el resultado de APTO que acredita al alumno como Trainer LPF.<\/p>\n<p>El alumno tendr\u00e1 30 d\u00edas desde el momento de la compra, para realizar la prueba. Los 30 d\u00edas empezar\u00e1n a contar desde el momento de la compra en la Web, y se tendr\u00e1 en cuenta la hora de la compra para la finalizaci\u00f3n de los 30 d\u00edas.<\/p>\n<p>En el caso de resultar NO APTO, el alumno tendr\u00e1 una segunda oportunidad para realizar el examen transcurridas 24 horas, y un nuevo plazo para realizarlo de 10 d\u00edas accediendo desde el mismo enlace.<\/p>\n<p>Por favor, revisa detenidamente tu nombre y apellidos (may\u00fasculas, min\u00fasculas, acentos&#8230;) en tu cuenta de usuario antes de realizar la compra. El certificado se emitir\u00e1 con estos datos tal y como los hayas introducido.<\/p>\n<p>\u2022 30 Preguntas<br \/>\n\u2022 Tipo Test<br \/>\n\u2022 Temario aprendido durante los 3 Niveles presenciales<br \/>\n\u2022 45 minutos para completarlo<br \/>\n\u2022 Para ser apto el alumno tendr\u00e1 que contestar al menos 24 preguntas correctas<br \/>\n\u2022 En caso de no pasar la prueba se da la oportunidad de una convocatoria extra<\/p>\n<p>Tiene un periodo de validez de 2 a\u00f1os.<\/p>\n","protected":false},"excerpt":{"rendered":"<p>\u2605La certificaci\u00f3n Low Pressure Fitness es la manera de acreditar que cada alumno y alumna que ha acabado la formaci\u00f3n base LPF ha comprendido e interiorizado todos los conocimientos del sistema de entrenamiento Low Pressure Fitness. Esta certificaci\u00f3n garantiza, entre otras cosas, mantener unos criterios de formaci\u00f3n en todos los profesionales.<\/p>\n<p>\u2605Certif\u00edcate y recibir\u00e1s un diploma con tu c\u00f3digo de certificaci\u00f3n internacional en Low Pressure Fitness y aparecer\u00e1s en nuestra web como Certified.<\/p>\n<p>Validez  del certificado: 2 a\u00f1os<\/p>\n","protected":false},"featured_media":54,"template":"","meta":[],"_links":{"self":[{"href":"http:\/\/mx.lownew.zadiasoftware.com\/en\/wp-json\/wp\/v2\/product\/49985\/"}],"collection":[{"href":"http:\/\/mx.lownew.zadiasoftware.com\/en\/wp-json\/wp\/v2\/product\/"}],"about":[{"href":"http:\/\/mx.lownew.zadiasoftware.com\/en\/wp-json\/wp\/v2\/types\/product\/"}],"wp:featuredmedia":[{"embeddable":true,"href":"http:\/\/mx.lownew.zadiasoftware.com\/en\/wp-json\/wp\/v2\/media\/54\/"}],"wp:attachment":[{"href":"http:\/\/mx.lownew.zadiasoftware.com\/en\/wp-json\/wp\/v2\/media\/?parent=49985"}],"curies":[{"name":"wp","href":"https:\/\/api.w.org\/{rel}","templated":true}]}}