{"id":10560,"date":"2019-07-31T09:15:27","date_gmt":"2019-07-31T07:15:27","guid":{"rendered":"http:\/\/lownew.zadiasoftware.com\/?page_id=10560"},"modified":"2019-09-02T16:22:34","modified_gmt":"2019-09-02T14:22:34","slug":"conoce-el-sistema-lpf","status":"publish","type":"page","link":"http:\/\/mx.lownew.zadiasoftware.com\/es\/conoce-el-sistema-lpf\/","title":{"rendered":"Conoce el Sistema LPF"},"content":{"rendered":"<p>Low Pressure Fitness (LPF) es un\u00a0programa de entrenamiento postural y respiratorio. Inspirado en la\u00a0<strong>t\u00e9cnica hipopresiva, combina el stretching miofascial,\u00a0la reeducaci\u00f3n postural, respiratoria<\/strong>\u00a0y la movilizaci\u00f3n din\u00e1mica\u00a0neural. Se ense\u00f1a en base a la metodolog\u00eda did\u00e1ctica m\u00e1s avanzada de\u00a0neuroeducaci\u00f3n.<\/p>\n<p>&nbsp;<\/p>\n<p><iframe loading=\"lazy\" title=\"YouTube video player\" src=\"https:\/\/www.youtube.com\/embed\/rkK8V4XffSQ?playsinline=1&amp;rel=0&amp;modestbranding=1&amp;controls=0&amp;showinfo=0&amp;enablejsapi=1&amp;amp id=\" width=\"100%\" height=\"480\" frameborder=\"0\" allowfullscreen=\"allowfullscreen\"><br \/>\n<\/iframe><\/p>\n<p>&nbsp;<\/p>\n","protected":false},"excerpt":{"rendered":"<p>Low Pressure Fitness (LPF) es un\u00a0programa de entrenamiento postural y respiratorio. Inspirado en la\u00a0t\u00e9cnica hipopresiva, combina el stretching miofascial,\u00a0la reeducaci\u00f3n postural, respiratoria\u00a0y la movilizaci\u00f3n din\u00e1mica\u00a0neural. Se ense\u00f1a en base a la metodolog\u00eda did\u00e1ctica m\u00e1s avanzada de\u00a0neuroeducaci\u00f3n. &nbsp; &nbsp;<\/p>\n","protected":false},"author":1,"featured_media":10565,"parent":0,"menu_order":0,"comment_status":"closed","ping_status":"closed","template":"views\/template-lpf.blade.php","meta":{"footnotes":""},"_links":{"self":[{"href":"http:\/\/mx.lownew.zadiasoftware.com\/es\/wp-json\/wp\/v2\/pages\/10560\/"}],"collection":[{"href":"http:\/\/mx.lownew.zadiasoftware.com\/es\/wp-json\/wp\/v2\/pages\/"}],"about":[{"href":"http:\/\/mx.lownew.zadiasoftware.com\/es\/wp-json\/wp\/v2\/types\/page\/"}],"author":[{"embeddable":true,"href":"http:\/\/mx.lownew.zadiasoftware.com\/es\/wp-json\/wp\/v2\/users\/1\/"}],"replies":[{"embeddable":true,"href":"http:\/\/mx.lownew.zadiasoftware.com\/es\/wp-json\/wp\/v2\/comments\/?post=10560"}],"version-history":[{"count":0,"href":"http:\/\/mx.lownew.zadiasoftware.com\/es\/wp-json\/wp\/v2\/pages\/10560\/revisions\/"}],"wp:featuredmedia":[{"embeddable":true,"href":"http:\/\/mx.lownew.zadiasoftware.com\/es\/wp-json\/wp\/v2\/media\/10565\/"}],"wp:attachment":[{"href":"http:\/\/mx.lownew.zadiasoftware.com\/es\/wp-json\/wp\/v2\/media\/?parent=10560"}],"curies":[{"name":"wp","href":"https:\/\/api.w.org\/{rel}","templated":true}]}}