{"id":22104,"date":"2019-09-02T11:03:03","date_gmt":"2019-09-02T09:03:03","guid":{"rendered":"http:\/\/lownew.zadiasoftware.com\/?page_id=22104"},"modified":"2019-11-15T13:12:31","modified_gmt":"2019-11-15T12:12:31","slug":"politica-de-privacidad-mx","status":"publish","type":"page","link":"http:\/\/mx.lownew.zadiasoftware.com\/es\/politica-de-privacidad-mx\/","title":{"rendered":"Pol\u00edtica de Privacidad"},"content":{"rendered":"<p><strong>POL\u00cdTICA DE PRIVACIDAD<\/strong><\/p>\n<p>El objetivo de esta\u00a0pol\u00edtica es informar a los interesados acerca de los distintos tratamientos realizados por esta organizaci\u00f3n mediante la p\u00e1gina web y que afecten a sus datos personales de conformidad con lo establecido en la Ley Org\u00e1nica 3\/2018, de 5 de diciembre, de Protecci\u00f3n de Datos Personales y garant\u00eda de los derechos digitales y el Reglamento (UE) 2016\/679 del Parlamento Europeo y del Consejo de 27 de abril de 2016.<\/p>\n<p><strong>\u00a0<\/strong><\/p>\n<p><strong>1.IDENTIFICACI\u00d3N Y DATOS DE CONTACTO DEL RESPONSABLE<\/strong><\/p>\n<p><span style=\"font-weight: 400;\">Los responsables del tratamiento de sus datos personales son INTERNATIONAL\u00a0<\/span><span style=\"font-weight: 400;\">HYPOPRESSIVE &amp; PHYSICAL THERAPY INSTITUTE S.L, con domicilio en C\/Pino, 40-42. CP 36206. Vigo (Pontevedra), y correo electr\u00f3nico info@lowpressurefitness.com, y Low Pressure Fitness M\u00e9xico S.A. de C.V., con domicilio en Hacienda de Ojocaliente, n\u00famero 131, interior 8. Fraccionamiento Haciendas de Aguascalientes. 20196 Aguascalientes, Ags, y correo electr\u00f3nico Lu.blanco@lowpressurefitness.com.mx.<\/span><\/p>\n<p><strong>2. FINALIDADES DEL TRATAMIENTO DE SUS DATOS PERSONALES.<\/strong><\/p>\n<p><strong>\u00a0<\/strong><strong style=\"font-size: 1rem;\">USUARIOS\/NAVEGANTES DE LA P\u00c1GINA WEB DEL RESPONSABLE:<\/strong><\/p>\n<p>Trataremos sus datos de car\u00e1cter personal facilitados a trav\u00e9s de nuestros formularios web para:<\/p>\n<ul>\n<li>Atender a las solicitudes, quejas e incidencias trasladadas a trav\u00e9s de nuestros canales de contacto incorporados en la p\u00e1gina web.<\/li>\n<li>Entender el comportamiento del navegante dentro de la web con el fin de detectar posibles ataques inform\u00e1ticos a nuestra web.<\/li>\n<li>Cumplir con las obligaciones legales que nos resulten directamente aplicables y regulen nuestra actividad.<\/li>\n<li>Para proteger y ejercer nuestros derechos o responder ante reclamaciones de cualquier \u00edndole.<\/li>\n<li>En su caso, env\u00edo de comunicaciones comerciales relativas a los bienes o servicios que conforman nuestra actividad., y\/o noticias o boletines relacionados con nuestro sector.<\/li>\n<li>Gestionar y enviarle el presupuesto solicitado.<\/li>\n<li>Gestionar, administrar, supervisar su actividad en el blog\/foro incorporado.<\/li>\n<\/ul>\n<p><strong>CLIENTES:<\/strong><\/p>\n<p>Trataremos sus datos de car\u00e1cter personal facilitados a trav\u00e9s de nuestros formularios web para:<\/p>\n<ul>\n<li>La gesti\u00f3n de la relaci\u00f3n comercial.<\/li>\n<li>La prestaci\u00f3n de los servicios que nos haya contratado.<\/li>\n<li>Gestiones relacionadas con el env\u00edo y recepci\u00f3n del producto adquirido a trav\u00e9s de esta p\u00e1gina web.<\/li>\n<li>La gesti\u00f3n administrativa, contable y fiscal.<\/li>\n<li>Atender a las solicitudes, quejas e incidencias trasladadas a trav\u00e9s de nuestros canales de contacto incorporados en la p\u00e1gina web.<\/li>\n<li>Entender el comportamiento del navegante dentro de la web con el fin de detectar posibles ataques inform\u00e1ticos a nuestra web.<\/li>\n<li>En su caso, realizar encuestas de calidad que nos permitan evaluar nuestro servicio.<\/li>\n<li>En su caso, realizar sorteos.<\/li>\n<li>En su caso, env\u00edo de comunicaciones comerciales relativas a los bienes o servicios que conforman nuestra actividad., y\/o noticas o boletines relacionados con nuestro sector.<\/li>\n<li>Cumplir con las obligaciones legales que nos resulten directamente aplicables y regulen nuestra actividad.<\/li>\n<li>Para proteger y ejercer nuestros derechos o responder ante reclamaciones de cualquier \u00edndole.<\/li>\n<\/ul>\n<p>&nbsp;<\/p>\n<p><strong>3.BASE JUR\u00cdDICA DEL TRATAMIENTO<\/strong><\/p>\n<p><strong>USUARIOS\/NAVEGANTES EN LA P\u00c1GINA WEB DEL RESPONSABLE:<\/strong><\/p>\n<ul>\n<li>En el consentimiento que nos has prestado para tratar tus datos con las finalidades indicadas.<em> La negativa a facilitar sus datos personales conllevara la imposibilidad de tratar sus datos con las finalidades mencionadas.<\/em><\/li>\n<li>Para cumplir con las obligaciones legales que se nos aplican. <em>En este caso, el interesado no podr\u00e1 negarse al tratamiento de los datos personales<\/em><strong>.<\/strong><\/li>\n<li>En nuestro inter\u00e9s leg\u00edtimo de proteger nuestra imagen, negocio y trayectoria evitando ataques a nuestra p\u00e1gina web. <em>En este caso, el interesado no podr\u00e1 negarse al tratamiento de los datos personales<\/em><strong>, <\/strong><em>aunque podr\u00e1 ejercer, en su caso, los derechos reconocidos en el apartado octavos de la presente pol\u00edtica<\/em><\/li>\n<\/ul>\n<p><strong>CLIENTES:<\/strong><\/p>\n<ul>\n<li>Ejecuci\u00f3n de un contrato en el que sea parte o aplicaci\u00f3n de medias precontractuales. <em>La negativa a facilitar sus datos personales conllevara la imposibilidad de tratar sus datos con las finalidades mencionadas.<\/em><\/li>\n<li>En el consentimiento que nos has prestado para tratar tus datos respecto de las finalidades ajenas al desarrollo o ejecuci\u00f3n del contrato existente. <em>La negativa a facilitar sus datos personales conllevara la imposibilidad de tratar sus datos con las finalidades mencionadas.<\/em><\/li>\n<li>Para cumplir con las obligaciones legales que se nos aplican. <em>En este caso, el interesado no podr\u00e1 negarse al tratamiento de los datos personales<\/em><strong>.<\/strong><\/li>\n<li>En nuestro inter\u00e9s leg\u00edtimo de proteger nuestra imagen, negocio y trayectoria evitando ataques a nuestra p\u00e1gina web. <em>En este caso, el interesado no podr\u00e1 negarse al tratamiento de los datos personales<\/em><strong>, <\/strong><em>aunque podr\u00e1 ejercer, en su caso, los derechos reconocidos en el apartado octavos de la presente pol\u00edtica <\/em><\/li>\n<\/ul>\n<p><strong>4.PLAZOS O CRITERIOS DE CONSERVACI\u00d3N DE LOS DATOS<\/strong><\/p>\n<p>Los datos personales proporcionados se conservar\u00e1n durante el tiempo necesario para cumplir con las finalidades para los que fueron recopilados inicialmente.<\/p>\n<p>Una vez que los datos dejen de ser necesarios para el tratamiento en cuesti\u00f3n, estos se mantendr\u00e1n debidamente bloqueados para, en su caso, ponerlos a disposici\u00f3n de las Administraciones y Organismos P\u00fablicas competentes, Jueces y Tribunales o el Ministerio Fiscal, de acuerdo al durante el plazo de prescripci\u00f3n de las acciones que pudieran derivarse de la relaci\u00f3n mantenida con el cliente y\/o los plazos de conservaci\u00f3n previstos legalmente.<\/p>\n<p><em><u>Periodo de bloqueo de los datos:<\/u><\/em><\/p>\n<ul>\n<li><strong>EL C\u00d3DIGO CIVIL.<\/strong> Entre 5 o 15 a\u00f1os seg\u00fan el caso, atendiendo a lo dispuesto en el art\u00edculo 1964.2 del cuerpo legal mencionado.<\/li>\n<li><strong>EL C\u00d3DIGO DEL COMERCIO. <\/strong>Durante 6 a\u00f1os, atendiendo a dispuesto en el art\u00edculo 30 del cuerpo legal mencionado. Se aplica respecto de la informaci\u00f3n mercantil relacionada con (facturas emitidas y recibidas, tickets, facturas rectificativas, documentos bancarios, etc.).<\/li>\n<li><strong>LA LEY GENERAL TRIBUTARIA.<\/strong> Durante 4 a\u00f1os atendiendo a dispuesto en los art\u00edculos 66 a 70 del cuerpo legal mencionado. Se aplica a la informaci\u00f3n relacionada con las obligaciones fiscales.<\/li>\n<\/ul>\n<p><strong>\u00a0<\/strong><\/p>\n<p><strong>5. DECISIONES AUTOMATIZADAS Y ELABORACI\u00d3N DE PERFILES<\/strong><\/p>\n<p>La p\u00e1gina web no toma decisiones automatizadas ni elabora perfiles.<\/p>\n<p><strong>6.DESTINATARIOS<br \/>\n<\/strong>Durante el periodo de duraci\u00f3n del tratamiento de sus datos personales, organizaci\u00f3n podr\u00e1 ceder sus datos a los siguientes destinatarios:<\/p>\n<ul>\n<li>Jueces y Tribunales.<\/li>\n<li>Fuerzas y Cuerpos de Seguridad del Estado.<\/li>\n<li>Otras autoridades u organismos p\u00fablicos competentes, cuando el responsable tenga la obligaci\u00f3n legal de facilitar los datos personales.<\/li>\n<li>Bancos y Entidades Financieras, en el caso de que nos contrate.<\/li>\n<\/ul>\n<p>&nbsp;<\/p>\n<p><strong>7. TRANSFERENCIAS INTERNACIONALES DE DATOS<\/strong><\/p>\n<p>La organizaci\u00f3n no realiza Transferencia Internacional de Datos alguna.<\/p>\n<p><strong>8. DERECHOS<\/strong><\/p>\n<p>Los interesados podr\u00e1n ejercer en cualquier momento y de forma totalmente gratuita los derechos de <strong>acceso, rectificaci\u00f3n y supresi\u00f3n, as\u00ed como solicitar que se limite el tratamiento de sus datos personales, oponerse al mismo, solicitar la portabilidad de estos (siempre que sea t\u00e9cnicamente posible) o retirar el consentimiento prestado<\/strong>, y en su caso, cuando proceda<strong>, a no ser objeto de una decisi\u00f3n basada \u00fanicamente en un tratamiento automatizado, incluido la elaboraci\u00f3n de perfiles.<\/strong><\/p>\n<p>Para ello podr\u00e1 emplear los formularios habilitados por la organizaci\u00f3n, o bien dirigir un escrito a la direcci\u00f3n postal o correo electr\u00f3nico arriba indicadas. En cualquier caso, su solicitud deber\u00e1 acompa\u00f1arse de una fotocopia de su D.N.I. o documento equivalente, con la finalidad de acreditar su identidad.<\/p>\n<p>En caso de que sienta vulnerados sus derechos en lo concerniente a la protecci\u00f3n de sus datos personales, especialmente cuando no haya obtenido satisfacci\u00f3n en el ejercicio de sus derechos, puede presentar una reclamaci\u00f3n ante la Autoridad de Control en materia de Protecci\u00f3n de Datos competente <strong>(Agencia Espa\u00f1ola de Protecci\u00f3n de Datos),<\/strong> a trav\u00e9s de su sitio web: <a href=\"http:\/\/www.agpd.es\">www.agpd.es<\/a>.<\/p>\n<p>En cumplimiento de lo dispuesto en el art\u00edculo 21 de la Ley 34\/2002 de servicios de la sociedad de la informaci\u00f3n y comercio electr\u00f3nico, si usted no desea recibir m\u00e1s informaci\u00f3n sobre nuestros servicios, puede darse de baja enviando un correo electr\u00f3nico a la direcci\u00f3n info@lowpressurefitness.com, con asunto\u00a0 <strong>\u201c<em>BAJAS\u201d<\/em><\/strong>.<\/p>\n<p><strong>9.VERACIDAD DE LOS DATOS<\/strong><\/p>\n<p>El interesado garantiza que los datos aportados son verdaderos, exactos, completos y se encuentran actualizados; comprometi\u00e9ndose a informar de cualquier cambio respecto de los datos que aportara, por los canales habilitados al efecto e indicados en el punto uno de la presente pol\u00edtica. Ser\u00e1 responsable de cualquier da\u00f1o o perjuicio, tanto directo como indirecto, que pudiera ocasionar como consecuencia del incumplimiento de la presente obligaci\u00f3n.<\/p>\n<p>En el supuesto de que el usuario facilite datos de terceros, declara que cuenta con el consentimiento de los interesados y se compromete a trasladarle la informaci\u00f3n contenida en esta cl\u00e1usula, eximiendo a la organizaci\u00f3n de cualquier responsabilidad derivada por la falta de cumplimiento de la presente obligaci\u00f3n.<\/p>\n<p>&nbsp;<\/p>\n<p>\u00daltima revisi\u00f3n: 11 de Noviembre de 2019<\/p>\n","protected":false},"excerpt":{"rendered":"<p>POL\u00cdTICA DE PRIVACIDAD El objetivo de esta\u00a0pol\u00edtica es informar a los interesados acerca de los distintos tratamientos realizados por esta organizaci\u00f3n mediante la p\u00e1gina web y que afecten a sus datos personales de conformidad con lo establecido en la Ley Org\u00e1nica 3\/2018, de 5 de diciembre, de Protecci\u00f3n de Datos Personales y garant\u00eda de los &hellip; <a href=\"http:\/\/mx.lownew.zadiasoftware.com\/es\/politica-de-privacidad-mx\/\">Continued<\/a><\/p>\n","protected":false},"author":1,"featured_media":0,"parent":0,"menu_order":0,"comment_status":"closed","ping_status":"closed","template":"","meta":{"footnotes":""},"_links":{"self":[{"href":"http:\/\/mx.lownew.zadiasoftware.com\/es\/wp-json\/wp\/v2\/pages\/22104\/"}],"collection":[{"href":"http:\/\/mx.lownew.zadiasoftware.com\/es\/wp-json\/wp\/v2\/pages\/"}],"about":[{"href":"http:\/\/mx.lownew.zadiasoftware.com\/es\/wp-json\/wp\/v2\/types\/page\/"}],"author":[{"embeddable":true,"href":"http:\/\/mx.lownew.zadiasoftware.com\/es\/wp-json\/wp\/v2\/users\/1\/"}],"replies":[{"embeddable":true,"href":"http:\/\/mx.lownew.zadiasoftware.com\/es\/wp-json\/wp\/v2\/comments\/?post=22104"}],"version-history":[{"count":0,"href":"http:\/\/mx.lownew.zadiasoftware.com\/es\/wp-json\/wp\/v2\/pages\/22104\/revisions\/"}],"wp:attachment":[{"href":"http:\/\/mx.lownew.zadiasoftware.com\/es\/wp-json\/wp\/v2\/media\/?parent=22104"}],"curies":[{"name":"wp","href":"https:\/\/api.w.org\/{rel}","templated":true}]}}