{"id":22107,"date":"2019-09-02T12:49:14","date_gmt":"2019-09-02T10:49:14","guid":{"rendered":"http:\/\/lownew.zadiasoftware.com\/?page_id=22107"},"modified":"2019-09-30T17:14:42","modified_gmt":"2019-09-30T15:14:42","slug":"politica-de-cookies-mx","status":"publish","type":"page","link":"http:\/\/mx.lownew.zadiasoftware.com\/es\/politica-de-cookies-mx\/","title":{"rendered":"Pol\u00edtica de Cookies"},"content":{"rendered":"<p class=\"p1\"><b>POL\u00cdTICA DE COOKIES<\/b><\/p>\n<p class=\"p1\"><b>1. Uso de cookies<\/b><\/p>\n<p class=\"p3\"><span class=\"s1\">La p\u00e1gina web <\/span><span class=\"s2\">www.lowpressurefitness.mx<\/span><span class=\"s1\"><span class=\"Apple-converted-space\">\u00a0 <\/span>titularidad de <\/span>INTERNATIONAL HYPOPRESSIVE &amp; PHYSICAL THERAPY INSTITUTE S.L<span class=\"s1\"> utiliza cookies.<\/span><\/p>\n<p class=\"p1\">Las cookies son ficheros que se descargan en su ordenador al acceder a determinadas p\u00e1ginas web. Las cookies permiten a una p\u00e1gina web, entre otras cosas, almacenar y recuperar informaci\u00f3n sobre los h\u00e1bitos de navegaci\u00f3n de un usuario o de su equipo y, dependiendo de la informaci\u00f3n que contengan y de la forma en que utilice su equipo. Adem\u00e1s, mejoran su proceso de navegaci\u00f3n, ya que permiten que la p\u00e1gina web ofrezca al usuario informaci\u00f3n que puede ser de su inter\u00e9s en funci\u00f3n del uso que realice, del contenido de la misma.<\/p>\n<p class=\"p1\">En caso de no querer recibir cookies, por favor, configure su navegador de internet, para que las borre del disco duro de su ordenador, las bloquee o le avise en su caso de instalaci\u00f3n de las mismas. Para continuar sin cambios en la configuraci\u00f3n de las cookies, simplemente, contin\u00fae en la p\u00e1gina web.<\/p>\n<p class=\"p1\"><b>2. Consentimiento<\/b><\/p>\n<p class=\"p1\">Las cookies que utilizamos no almacenan dato personal alguno, ni ning\u00fan tipo de informaci\u00f3n que pueda identificarle, salvo que quieran registrarse de forma voluntaria con el fin de utilizar los servicios que ponemos a su disposici\u00f3n o de recibir informaci\u00f3n sobre promociones y contenidos de su inter\u00e9s.<\/p>\n<p class=\"p1\">Al navegar y continuar en nuestra web nos indica que est\u00e1 consintiendo el uso de las cookies antes enunciadas, y en las condiciones contenidas en la presente pol\u00edtica de cookies. En caso de no estar de acuerdo env\u00ede un correo electr\u00f3nico a administracion@lowpressurefitness.com<\/p>\n<p class=\"p1\"><b>3. C\u00f3mo bloquear o eliminar las cookies instaladas<\/b><\/p>\n<p class=\"p1\">Puede usted permitir, bloquear o eliminar las cookies instaladas en su equipo mediante la configuraci\u00f3n de las opciones de su navegador. Puede encontrar informaci\u00f3n sobre c\u00f3mo hacerlo, en relaci\u00f3n con los navegadores m\u00e1s comunes en los links que se incluyen a continuaci\u00f3n:<\/p>\n<p class=\"p4\"><span class=\"s3\">Explorer: <\/span><span class=\"s4\">https:\/\/support.microsoft.com\/es-es\/kb\/278835<\/span><\/p>\n<p class=\"p4\"><span class=\"s3\">Chrome: <\/span><span class=\"s4\">http:\/\/support.google.com\/chrome\/bin\/answer.py?hl=es&amp;answer=95647<\/span><\/p>\n<p class=\"p4\"><span class=\"s3\">Firefox: <\/span><span class=\"s4\">http:\/\/support.mozilla.org\/es\/kb\/Borrar%20cookies<\/span><\/p>\n<p class=\"p4\"><span class=\"s3\">Safari: <\/span><span class=\"s4\">http:\/\/support.apple.com\/kb\/ph5042<\/span><\/p>\n<p class=\"p1\">Le informamos, no obstante, de la posibilidad de que la desactivaci\u00f3n de alguna cookie impida o dificulte la navegaci\u00f3n o la prestaci\u00f3n de los servicios ofrecidos en la p\u00e1gina web.<\/p>\n<p class=\"p1\"><b>4. Modificaciones<\/b><\/p>\n<p class=\"p1\">La p\u00e1gina web<span class=\"Apple-converted-space\">\u00a0 <\/span><span class=\"s5\">www.lowpressurefitness.com<\/span> titularidad de<span class=\"Apple-converted-space\">\u00a0 <\/span><span class=\"s6\">INTERNATIONAL HYPOPRESSIVE &amp; PHYSICAL THERAPY INSTITUTE S.L<\/span><span class=\"Apple-converted-space\">\u00a0 <\/span>puede modificar esta pol\u00edtica de cookies en funci\u00f3n de las exigencias legales. O con la finalidad de adaptar dicha pol\u00edtica a las instrucciones dictadas por la Agencia Espa\u00f1ola de Protecci\u00f3n de Datos.<\/p>\n<p class=\"p1\">Por esta raz\u00f3n, aconsejamos a los usuarios que la visiten peri\u00f3dicamente. Cuando se produzcan cambios significativos en esta pol\u00edtica de cookies, se comunicar\u00e1n a los usuarios, bien mediante la web o a trav\u00e9s de correo electr\u00f3nico a los usuarios registrados.<\/p>\n","protected":false},"excerpt":{"rendered":"<p>POL\u00cdTICA DE COOKIES 1. Uso de cookies La p\u00e1gina web www.lowpressurefitness.mx\u00a0 titularidad de INTERNATIONAL HYPOPRESSIVE &amp; PHYSICAL THERAPY INSTITUTE S.L utiliza cookies. Las cookies son ficheros que se descargan en su ordenador al acceder a determinadas p\u00e1ginas web. Las cookies permiten a una p\u00e1gina web, entre otras cosas, almacenar y recuperar informaci\u00f3n sobre los h\u00e1bitos &hellip; <a href=\"http:\/\/mx.lownew.zadiasoftware.com\/es\/politica-de-cookies-mx\/\">Continued<\/a><\/p>\n","protected":false},"author":1,"featured_media":0,"parent":0,"menu_order":0,"comment_status":"closed","ping_status":"closed","template":"","meta":{"footnotes":""},"_links":{"self":[{"href":"http:\/\/mx.lownew.zadiasoftware.com\/es\/wp-json\/wp\/v2\/pages\/22107\/"}],"collection":[{"href":"http:\/\/mx.lownew.zadiasoftware.com\/es\/wp-json\/wp\/v2\/pages\/"}],"about":[{"href":"http:\/\/mx.lownew.zadiasoftware.com\/es\/wp-json\/wp\/v2\/types\/page\/"}],"author":[{"embeddable":true,"href":"http:\/\/mx.lownew.zadiasoftware.com\/es\/wp-json\/wp\/v2\/users\/1\/"}],"replies":[{"embeddable":true,"href":"http:\/\/mx.lownew.zadiasoftware.com\/es\/wp-json\/wp\/v2\/comments\/?post=22107"}],"version-history":[{"count":0,"href":"http:\/\/mx.lownew.zadiasoftware.com\/es\/wp-json\/wp\/v2\/pages\/22107\/revisions\/"}],"wp:attachment":[{"href":"http:\/\/mx.lownew.zadiasoftware.com\/es\/wp-json\/wp\/v2\/media\/?parent=22107"}],"curies":[{"name":"wp","href":"https:\/\/api.w.org\/{rel}","templated":true}]}}