{"id":49,"date":"2019-05-16T17:28:44","date_gmt":"2019-05-16T15:28:44","guid":{"rendered":"http:\/\/lownew.zadiasoftware.com\/?page_id=49"},"modified":"2020-02-13T14:23:01","modified_gmt":"2020-02-13T13:23:01","slug":"certificacion-lpf","status":"publish","type":"page","link":"http:\/\/mx.lownew.zadiasoftware.com\/es\/certificacion-lpf\/","title":{"rendered":"Certificaci\u00f3n LPF"},"content":{"rendered":"\r\n<h2 class=\"wp-block-heading\">CERTIFICACI\u00d3N<\/h2>\r\n\r\n\r\n\r\n<p>La certificaci\u00f3n Low Pressure Fitness es la manera de acreditar que cada alumno y alumna que ha acabado la formaci\u00f3n base LPF ha comprendido e interiorizado todos los conocimientos del sistema de entrenamiento Low Pressure Fitness. Esta certificaci\u00f3n garantiza, entre otras cosas, mantener unos criterios de formaci\u00f3n en todos los profesionales.<\/p>\r\n\r\n\r\n\r\n<p>El gran aumento de inter\u00e9s y de personas formadas en diferentes partes del mundo ha supuesto la necesidad de tener que crear la certificaci\u00f3n. Debemos garantizar el mismo nivel de formaci\u00f3n y conocimientos m\u00ednimos de todos los trainers en cada pa\u00eds. Por eso se ha optado por una prueba de nivel que pueda ser hecha por todos los trainers, tanto nacionales como internacionales. Un trainer en Brasil tiene el mismo conocimiento que en M\u00e9xico o Canad\u00e1. Si te mudas de pa\u00eds donde exista presencia de Low Pressure Fitness se reconocer\u00e1 tu certificaci\u00f3n.<\/p>\r\n\r\n\r\n\r\n<p>Otro de los motivos es la de ofrecerle a nuestro alumnado lo mejor. Por eso, para que la certificaci\u00f3n LPF pueda tener sellos de calidad y avales de institutos internacionales de calidad (lo que significa el aval internacional de la formaci\u00f3n y la certificaci\u00f3n) se deben cumplir unos criterios como, por ejemplo, un examen de certificaci\u00f3n y una re-certificaci\u00f3n que avale y premie el seguir en activo y la formaci\u00f3n continua.<\/p>\r\n\r\n\r\n\r\n<p>El alumnado certificado se designar\u00e1 como Low Pressure Fitness Certified Trainer y sus siglas ser\u00e1n LPF-CT<\/p>\r\n\r\n\r\n\r\n<p>Ser LPF-CT tiene una serie de ventajas:<\/p>\r\n\r\n\r\n\r\n<p>&#8211;\u00a0 \u00a0 Derecho de uso del sello y t\u00edtulo de LPF-CT<br \/>&#8211;\u00a0\u00a0\u00a0\u00a0Aparecer en el directorio internacional web LPF<br \/>&#8211;\u00a0\u00a0\u00a0\u00a0Acceso a la formaci\u00f3n especialista (Wall-Series\u2026)<br \/>&#8211;\u00a0\u00a0\u00a0\u00a0Descuento en material de tienda<br \/>&#8211;\u00a0 \u00a0 15% de descuento en toda la colecci\u00f3n deportiva Lorna Jane<br \/>&#8211;\u00a0\u00a0\u00a0\u00a0Descuentos y promociones \u00fanicas<br \/>&#8211;\u00a0 \u00a0 Acceso a los grupos de Facebook &#8216;Certified LPF&#8217; y &#8216;Ofertas de empleo&#8217;<br \/>&#8211;\u00a0 \u00a0 Acceso a material exclusivo LPF-CT<\/p>\r\n\r\n\r\n\r\n<p>Lo m\u00e1s importante es que la certificaci\u00f3n te avala como entrenador Low Pressure Fitness.<\/p>\r\n\r\n\r\n\r\n<p>Una vez que acabes la formaci\u00f3n base LPF, las 45 horas que hemos dividido en tres niveles, podr\u00e1s acceder a la compra del examen. Este consiste en un examen de 30 preguntas tipo test que tendr\u00e1s que superar para obtener el resultado de APTO. Tendr\u00e1s 30 d\u00edas desde el mismo momento de la compra para realizar la prueba. El no cumplir este plazo significa la caducidad de validez de compra.<\/p>\r\n\r\n\r\n\r\n<p>Tienes dos intentos para realizar el test. En el caso de resultar NO APTO tras el primer intento, el alumno tendr\u00e1 una segunda oportunidad para realizar el examen transcurridas 24 horas, y un nuevo plazo para realizarlo de 10 d\u00edas accediendo desde el mismo enlace.<\/p>\r\n\r\n\r\n\r\n<p>En caso de que tras el segundo intento resultes NO APTO, no podr\u00e1s volver a realizar la compra hasta que no hayan transcurrido 6 meses.<\/p>\r\n\r\n\r\n\r\n<p>La Certificaci\u00f3n tendr\u00e1 una validez de dos a\u00f1os desde el momento de la superaci\u00f3n del examen. Una vez pasados los dos a\u00f1os, tendr\u00e1s que renovar tu certificaci\u00f3n mediante la realizaci\u00f3n de otra prueba online similar al primer examen. Con esta prueba podemos comprobar y confirmar que todos los profesionales certificados LPF mantienen las competencias continuas necesarias.<\/p>\r\n\r\n\r\n\r\n<p>*Ver <a href=\"https:\/\/www.lowpressurefitness.com\/es\/terminos-y-condiciones\/#3\">T\u00e9rminos y Condiciones<\/a><\/p>\r\n\r\n\r\n\r\n<h2 class=\"wp-block-heading\">RECERTIFICACI\u00d3N<\/h2>\r\n\r\n\r\n\r\n<p>Una vez haya expirado la validez de tu certificaci\u00f3n, para continuar certificado, el alumno puede acceder a la Recertificaci\u00f3n para renovar su certificado.<\/p>\r\n\r\n\r\n\r\n<p>El examen de recertificaci\u00f3n se realiza para acreditar tus conocimientos y habilidades profesionales en relaci\u00f3n con el sistema Low Pressure Fitness y para demostrar que te mantienes actualizado y que est\u00e1s en condiciones de seguir trabajando impartiendo el sistema LPF.<\/p>\r\n\r\n\r\n\r\n<p><strong>\u00bfQU\u00c9 OCURRE SI NO RENUEVAS TU CERTIFICACI\u00d3N?<\/strong><\/p>\r\n\r\n\r\n\r\n<p>Lamentablemente, si no renuevas tu certificaci\u00f3n, no podr\u00e1s disfrutar de ninguna de las ventajas de pertenecer a la comunidad LPF-CT:<\/p>\r\n\r\n\r\n\r\n<ul>\r\n<li>No podr\u00e1s seguir haciendo uso del sello y t\u00edtulo LPF-CT<\/li>\r\n<li>No tendr\u00e1s acceso a la formaci\u00f3n de especializaci\u00f3n.<\/li>\r\n<li>No obtendr\u00e1s descuentos en productos de LPF Store.<\/li>\r\n<li>Tu nombre desaparecer\u00e1 del directorio web de trainers certificados LPF-CT.<\/li>\r\n<li>Dejar\u00e1s de ser miembro de los grupos de Facebook:\u00a0<em>LPF Certified<\/em>\u00a0y\u00a0<em>Ofertas de trabajo para LPF-CT<\/em>.<\/li>\r\n<\/ul>\r\n\r\n\r\n\r\n<p>Debes prestar especial atenci\u00f3n a la fecha en la que obtuviste tu certificaci\u00f3n LPF.<\/p>\r\n\r\n\r\n\r\n<p>La Recertificaci\u00f3n consiste en un examen, de 25 preguntas tipo test, sobre varios art\u00edculos y publicaciones del LPF Journal que se detallan a continuaci\u00f3n.<\/p>\r\n\r\n\r\n\r\n<p>Es importante la lectura de los art\u00edculos de esta lista, as\u00ed como de los art\u00edculos que van enlazados en cada uno de ellos:<\/p>\r\n\r\n\r\n\r\n<p>1.\u00a0<a href=\"\/mima-musculos-postura-diafragma-psoas\/\">Mima tus m\u00fasculos de la postura: Diafragma y psoas<\/a><br \/>2.\u00a0<a href=\"\/progresion-clave-sesion-low-pressure-fitness\/\">Progresi\u00f3n: La clave de la sesi\u00f3n Low Pressure Fitness<\/a><br \/>3.\u00a0<a href=\"\/hipopresivos-masaje-mejora-dolor-lumbar\/\">Hipopresivos y masaje: aliados en la mejora del dolor lumbar cr\u00f3nico<\/a><br \/>4.\u00a0<a href=\"\/importancia-postura-suelo-pelvico\/\">La importancia de la postura para el suelo p\u00e9lvico<\/a><br \/>5.\u00a0<a href=\"\/training-mask-evidencias-uso\/\">Training mask \u2013 Evidencias y uso<\/a><br \/>6.\u00a0<a href=\"\/estiramiento-diafragma-mejora-cinematica-posterior-toracica\/\">Estiramiento del diafragma en la mejora de la cinem\u00e1tica de la cadena posterior y de la caja tor\u00e1cica<\/a><br \/>7.<a href=\"\/errores-frecuentes-entrenamiento-suelo-pelvico\/\">\u00a0\u00bfCu\u00e1les son los errores m\u00e1s frecuentes al entrenar el suelo p\u00e9lvico?<\/a><br \/>8.\u00a0<a href=\"\/cerrar-linea-alba-paradigma-rehabilitacion-diastasis-abdominal\/\">\u00bfCerrar o no la l\u00ednea alba? Nuevo paradigma de rehabilitaci\u00f3n de la di\u00e1stasis abdominal<\/a><br \/>9.\u00a0<a href=\"\/dispositivos-proteccion-urinaria-la-mujer-deportista\/\">Dispositivos de protecci\u00f3n urinaria para el deporte<\/a><br \/>10.\u00a0<a href=\"\/errores-comunes-practicar-lpf\/\">5 errores m\u00e1s comunes al practicar Low Pressure Fitness<\/a><\/p>\r\n\r\n\r\n\r\n<p>&nbsp;<\/p>\r\n\r\n\r\n\r\n<p>*Ver <a href=\"https:\/\/www.lowpressurefitness.com\/es\/terminos-y-condiciones\/#3\">T\u00e9rminos y Condiciones<\/a> <\/p>","protected":false},"excerpt":{"rendered":"<p>CERTIFICACI\u00d3N La certificaci\u00f3n Low Pressure Fitness es la manera de acreditar que cada alumno y alumna que ha acabado la formaci\u00f3n base LPF ha comprendido e interiorizado todos los conocimientos del sistema de entrenamiento Low Pressure Fitness. Esta certificaci\u00f3n garantiza, entre otras cosas, mantener unos criterios de formaci\u00f3n en todos los profesionales. El gran aumento &hellip; <a href=\"http:\/\/mx.lownew.zadiasoftware.com\/es\/certificacion-lpf\/\">Continued<\/a><\/p>\n","protected":false},"author":1,"featured_media":0,"parent":0,"menu_order":0,"comment_status":"closed","ping_status":"closed","template":"","meta":{"footnotes":""},"_links":{"self":[{"href":"http:\/\/mx.lownew.zadiasoftware.com\/es\/wp-json\/wp\/v2\/pages\/49\/"}],"collection":[{"href":"http:\/\/mx.lownew.zadiasoftware.com\/es\/wp-json\/wp\/v2\/pages\/"}],"about":[{"href":"http:\/\/mx.lownew.zadiasoftware.com\/es\/wp-json\/wp\/v2\/types\/page\/"}],"author":[{"embeddable":true,"href":"http:\/\/mx.lownew.zadiasoftware.com\/es\/wp-json\/wp\/v2\/users\/1\/"}],"replies":[{"embeddable":true,"href":"http:\/\/mx.lownew.zadiasoftware.com\/es\/wp-json\/wp\/v2\/comments\/?post=49"}],"version-history":[{"count":2,"href":"http:\/\/mx.lownew.zadiasoftware.com\/es\/wp-json\/wp\/v2\/pages\/49\/revisions\/"}],"predecessor-version":[{"id":46023,"href":"http:\/\/mx.lownew.zadiasoftware.com\/es\/wp-json\/wp\/v2\/pages\/49\/revisions\/46023\/"}],"wp:attachment":[{"href":"http:\/\/mx.lownew.zadiasoftware.com\/es\/wp-json\/wp\/v2\/media\/?parent=49"}],"curies":[{"name":"wp","href":"https:\/\/api.w.org\/{rel}","templated":true}]}}