{"id":51,"date":"2019-05-16T17:31:23","date_gmt":"2019-05-16T15:31:23","guid":{"rendered":"http:\/\/lownew.zadiasoftware.com\/?page_id=51"},"modified":"2019-10-17T10:18:09","modified_gmt":"2019-10-17T08:18:09","slug":"uso-marca-logos-lpf","status":"publish","type":"page","link":"http:\/\/mx.lownew.zadiasoftware.com\/es\/uso-marca-logos-lpf\/","title":{"rendered":"Uso marca-logos LPF"},"content":{"rendered":"\r\n<h4 class=\"wp-block-heading\">Puedes utilizar las marcas comerciales de Low Pressure Fitness<\/h4>\r\n\r\n\r\n\r\n<p>Ya que te has formado con nosotros y eres un Trainer Certificado en Low Pressure Fitness (LPF-CT) puedes usar el logo LPF. Tan s\u00f3lo tienes que seguir las pautas que siguen.<\/p>\r\n\r\n\r\n\r\n<p>Recuerda que al ser LPF-CT est\u00e1s ofreciendo garant\u00eda internacional de profesionalidad, muy valorada en el sector.<\/p>\r\n\r\n\r\n\r\n<h5 class=\"wp-block-heading\"><strong id=\"1\">1. Utiliza el logo Low Pressure Fitness:<\/strong><\/h5>\r\n\r\n\r\n\r\n<p>Haz visible que eres parte de la comunidad LPF.<\/p>\r\n\r\n\r\n\r\n<p>Puedes usar el logo dependiendo de tu nivel de formaci\u00f3n:<\/p>\r\n\r\n\r\n\r\n<ul>\r\n<li>Si a\u00fan no te has certificado: S\u00f3lo podr\u00e1s usarlo en anuncios internos para hacer visibles los horarios de las actividades programadas (parrilla de actividades web\/impresa) y en redes sociales.<\/li>\r\n<li>Si ya eres alumno certificado LPF-CT: Anuncios internos, folletos promocionales tanto impresos como digitales, para vinilos en tu instalaci\u00f3n, en tus dise\u00f1os para redes sociales.<\/li>\r\n<li>Los dise\u00f1os creados desde Low Pressure Fitness y usados en redes oficiales podr\u00e1n ser usados indistintamente de tu nivel de formaci\u00f3n, pero nunca podr\u00e1n ser alterados.<\/li>\r\n<\/ul>\r\n\r\n\r\n\r\n<p>comunicacion@lowpressurefitness.com.<\/p>\r\n\r\n\r\n\r\n<p>Si eres alumno certificado LPF-CT tambi\u00e9n podr\u00e1s usar el logo creado para ti bajo la normativa que se te adjunta en el env\u00edo de este.<\/p>\r\n\r\n\r\n\r\n<figure class=\"wp-block-image is-resized\"><img loading=\"lazy\" decoding=\"async\" class=\"wp-image-54\" src=\"http:\/\/lownew.zadiasoftware.com\/wp-content\/uploads\/2019\/05\/9b97c6dc8af008bee1ad2b788c2685ae.ertification.jpg\" alt=\"\" width=\"115\" height=\"115\" srcset=\"http:\/\/mx.lownew.zadiasoftware.com\/wp-content\/uploads\/2019\/05\/9b97c6dc8af008bee1ad2b788c2685ae.ertification.jpg 458w, http:\/\/mx.lownew.zadiasoftware.com\/wp-content\/uploads\/2019\/05\/9b97c6dc8af008bee1ad2b788c2685ae.ertification-150x150.jpg 150w, http:\/\/mx.lownew.zadiasoftware.com\/wp-content\/uploads\/2019\/05\/9b97c6dc8af008bee1ad2b788c2685ae.ertification-300x300.jpg 300w, http:\/\/mx.lownew.zadiasoftware.com\/wp-content\/uploads\/2019\/05\/9b97c6dc8af008bee1ad2b788c2685ae.ertification-100x100.jpg 100w\" sizes=\"(max-width: 115px) 100vw, 115px\" \/><\/figure>\r\n\r\n\r\n\r\n<p>Logo de uso exclusivo para los\/llas alumnos\/as certificados<\/p>\r\n\r\n\r\n\r\n<p>El logo LPF-CT visibiliza tu CV como profesional formado y acreditado por la empresa.<\/p>\r\n\r\n\r\n\r\n<p>Puedes utilizar el logo LPF en actividades o eventos que organices o en los que participes (como presentaci\u00f3n del sistema que va a estar presente en esa actividad) siempre acompa\u00f1ado por tu logo personal de LPF-CT.<\/p>\r\n\r\n\r\n\r\n<h5 class=\"wp-block-heading\"><strong>2. Uso correcto de la marca:<\/strong><\/h5>\r\n\r\n\r\n\r\n<p>La primera letra de cada una de las palabras Low Pressure Fitness siempre en may\u00fascula (incorrecto: low pressure fitness o lowpressurefitness). En los hashtags respeta el uso de may\u00fasculas para que sea m\u00e1s f\u00e1cil la identificaci\u00f3n de la marca: #LowPressureFitness.<\/p>\r\n\r\n\r\n\r\n<p>Al hacer referencia a otras formaciones LPF, como por ejemplo la Wall-Series, es importante mencionar el nombre completo: Wall-Series Low Pressure Fitness. Seguimos el mismo patr\u00f3n si usamos hashtags; #WallSeries #LowPressureFitness #LPFlovers #LPFexperience.<\/p>\r\n\r\n\r\n\r\n<h5 class=\"wp-block-heading\"><strong>3. Atiende siempre a la responsabilidad de la marca:<\/strong><\/h5>\r\n<h3><span style=\"font-size: 1rem;\">Low Pressure Fitness y sus logotipos son marcas comerciales de la empresa y se utilizan bajo li<\/span>cencia.<\/h3>\r\n\r\n\r\n\r\n<h5 class=\"wp-block-heading\"><strong>4. Evita alterar la marca:<\/strong><\/h5>\r\n\r\n\r\n\r\n<p>Respeta tipograf\u00eda, colores y elementos que la componen.<\/p>\r\n\r\n\r\n\r\n<h5 class=\"wp-block-heading\"><strong>5. No uses la marca como nombre comercial o de tu compa\u00f1\u00eda:<\/strong><\/h5>\r\n\r\n\r\n\r\n<p>Es incorrecto usar Low Pressure Fitness como un nombre comercial (por ejemplo, nombre de la compa\u00f1\u00eda o nombre de la instalaci\u00f3n). Denomina a tu empresa con otras palabras y di que ofreces el programa de entrenamiento o clases de Low Pressure Fitness.<\/p>\r\n\r\n\r\n\r\n<p>Este uso incorrecto contempla tanto nombrar empresas como crear p\u00e1ginas web y\/o cuentas en redes sociales (p\u00e1ginas\/perfiles de Facebook, usuarios en Instagram\/Twitter, etc).<\/p>\r\n\r\n\r\n\r\n<p>Puedes poner Mar\u00eda L\u00f3pez LPF, Jes\u00fas G\u00f3mez LPF-CT, pero nunca podr\u00e1s usar como nick\/ nombre Low Pressure Fitness en redes sociales, sea cual sea. Podr\u00e1s usar las siglas LPF o LPF-CT pero s\u00f3lo en p\u00e1ginas y siempre acompa\u00f1ando nombres personales o de cl\u00ednicas, nunca de ciudades, pa\u00edses o territorios geogr\u00e1ficos.<\/p>\r\n\r\n\r\n\r\n<h5 class=\"wp-block-heading\"><strong>6. Nunca uses las marcas de Low Pressure Fitness seguidas de:<\/strong><\/h5>\r\n\r\n\r\n\r\n<p>Palabras como hipopresivos, GAH, gimnasia abdominal, gimnasia abdominal hipopresiva\u2026 acompa\u00f1ando a cualquier logo de la marca o nombrando el sistema de entrenamiento Low Pressure Fitness.<\/p>\r\n\r\n\r\n\r\n<p>Ya sabes que LPF es mucho m\u00e1s que eso, es un sistema en entrenamiento completo que introduce en un mismo ejercicio t\u00e9cnicas posturales, respiratorias, hipopresivas, miofasciales y neurodin\u00e1micas. Define el entrenamiento, no des sin\u00f3nimos incorrectos.<\/p>\r\n\r\n\r\n\r\n<h5 class=\"wp-block-heading\"><strong>7. No utilices las marcas de Low Pressure Fitness en productos:<\/strong><\/h5>\r\n\r\n\r\n\r\n<p>\u00danicamente la empresa, sus socios y distribuidores autorizados pueden utilizar las marcas comerciales de Low Pressure Fitness en productos tales como indumentaria, accesorios y otros productos de entrenamiento. Por eso, nunca utilices las marcas comerciales de LPF en productos f\u00edsicos (por ejemplo, no hagas camisetas y les coloques el logo Low Pressure Fitness).<\/p>\r\n\r\n\r\n\r\n<h5 class=\"wp-block-heading\"><strong>8. Uso de los logotipos de Low Pressure Fitness:<\/strong><\/h5>\r\n\r\n\r\n\r\n<p>Puedes utilizarlos sin modificaciones y con la finalidad de promocionar o publicar nuestros programas y para comunicar tus servicios.<\/p>\r\n\r\n\r\n\r\n<p>A menos que cuentes con nuestra aprobaci\u00f3n expresa de antemano, no podr\u00e1s utilizar los logotipos de Low Pressure Fitness en conexi\u00f3n con la fabricaci\u00f3n, promoci\u00f3n, oferta de venta o venta de productos y\/o formaciones.<\/p>\r\n\r\n\r\n\r\n<p>Los logotipos de Low Pressure Fitness no pueden alterarse ni modificarse de ninguna manera ni pueden combinarse con ning\u00fan otro nombre comercial, marca comercial ni logotipo sin nuestro permiso expreso, que ser\u00e1 otorgado siempre por escrito.<\/p>\r\n\r\n\r\n\r\n<h5 class=\"wp-block-heading\"><strong>RESUMEN:<\/strong><\/h5>\r\n\r\n\r\n\r\n<ul>\r\n<li>La letra \u00abL, P y F\u00bb nunca debe ir en min\u00fascula. Ej.: lowpressurefitness<\/li>\r\n<li>No alterar ni modificar. Ej.: Lau Pressure Fitness<\/li>\r\n<li>No utilizar como nombre comercial. Ej.: Estudio LPF<\/li>\r\n<li>No deben colocarse en productos. No hagas camisetas con la inscripci\u00f3n Low Pressure Fitness.<\/li>\r\n<li>No utilizar para promocionar programas ni productos que no est\u00e9n relacionados con Low Pressure Fitness.<\/li>\r\n<li>No debes usar palabras como GAH, hipopresivos, etc. para hablar de Low Pressure Fitness.<\/li>\r\n<li>Utilizar\u00e1s el logo general del sistema y el de LPF-CT (si eres trainer certificado), nunca el logo que contiene nombres de pa\u00edses.<\/li>\r\n<\/ul>\r\n\r\n\r\n\r\n<h5 class=\"wp-block-heading\">Diferencias entre alumnado LPF y certificados LPF-CT<\/h5>\r\n\r\n\r\n\r\n<figure class=\"wp-block-image is-resized\"><img loading=\"lazy\" decoding=\"async\" class=\"wp-image-56\" src=\"http:\/\/lownew.zadiasoftware.com\/wp-content\/uploads\/2019\/05\/TABLA-LPF-CT-ESPAN\u0303OL-1024x471.jpg\" alt=\"\" width=\"1024\" height=\"471\" \/><\/figure>\r\n\r\n\r\n\r\n<h6 class=\"wp-block-heading\"><strong>Obligaciones de uso del nombre, logo y\/o sellos LPF.<\/strong><\/h6>\r\n\r\n\r\n\r\n<p>Prohibici\u00f3n uso de palabras como hipopresivos, GAH, gimnasia abdominal, gimnasia abdominal hipopresiva\u2026 acompa\u00f1ando al logo\/sello o al nombre Low Pressure Fitness<\/p>\r\n\r\n\r\n\r\n<h6 class=\"wp-block-heading\"><strong>Indica tu nivel de formaci\u00f3n Low Pressure Fitness.<\/strong><\/h6>\r\n\r\n\r\n\r\n<p>La formaci\u00f3n de base de Low Pressure Fitness son 45 horas que hemos dividido en tres niveles para un mejor aprendizaje e interiorizaci\u00f3n de los contenidos te\u00f3rico-pr\u00e1cticos.<\/p>\r\n\r\n\r\n\r\n<p>Para ser un profesional certificado LPF-CT es necesario tener los tres niveles y superar la evaluaci\u00f3n online.<\/p>\r\n\r\n\r\n\r\n<p>Mientras no se supera la prueba, la designaci\u00f3n que tienes que hacer en tus redes sociales o Curr\u00edculum v\u00edtae es la de: Alumno Low Pressure Fitness nivel 1, 2 o 3.<\/p>\r\n\r\n\r\n\r\n<p>Al certificarte eres Low Pressure Fitness Certified Trainer, LPF-CT.<\/p>\r\n\r\n\r\n\r\n<p>Es importante matizar qu\u00e9 nivel de conocimiento tienes en el sistema de entrenamiento para no confundir a clientes o pacientes. Por ejemplo, un alumno nivel 1 carece de toda la formaci\u00f3n en neurodinamia y movilizaci\u00f3n fascial que se aprende en el nivel 3, y adem\u00e1s s\u00f3lo conoce las posturas b\u00e1sicas LPF.<\/p>\r\n\r\n\r\n\r\n<h5 class=\"wp-block-heading\"><strong>Low Pressure Fitness o LPF.<\/strong><\/h5>\r\n\r\n\r\n\r\n<p>El sistema de entrenamiento desarrollado por la empresa y en el que formamos a nuestro alumnado se llama Low Pressure Fitness. A veces se usa LPF para acortar el uso de Low Pressure Fitness pero esto no implica que se pueda usar indistintamente.<\/p>\r\n\r\n\r\n\r\n<p>Cuando nos referimos al sistema de entrenamiento, programamos un evento, una conferencia o aplicamos el nombre del m\u00e9todo, siempre usaremos Low Pressure Fitness. El uso de LPF queda para un uso secundario cuando ya hayamos usado Low Pressure Fitness y evitar as\u00ed repeticiones, o para usar como adjetivo, como por ejemplo: alumnado LPF, formaciones LPF, profesionales LPF-CT&#8230;<\/p>\r\n\r\n\r\n\r\n<h5 class=\"wp-block-heading\"><strong>El nombre y las marcas comerciales Low Pressure Fitness.<\/strong><\/h5>\r\n\r\n\r\n\r\n<p>El nombre Low Pressure Fitness, las palabras y los logotipos relacionados son marcas comerciales para indicar la fuente de nuestros programas de entrenamiento y productos relacionados y no para hacer referencia a otro programa, producto ni servicio.<\/p>\r\n\r\n\r\n\r\n<h5 class=\"wp-block-heading\"><strong>Uso de logos en redes sociales personales.<\/strong><\/h5>\r\n\r\n\r\n\r\n<p>No debes usar los logos LPF en fotos de portadas de redes sociales o como imagen principal de p\u00e1ginas o perfiles, ya que su uso es exclusivo de las p\u00e1ginas oficiales de la empresa.<\/p>\r\n\r\n\r\n\r\n<p>Si eres alumno\/a certificado podr\u00e1s usar tu logo LPF-CT como foto principal o imagen de portada de p\u00e1gina o perfil personal siempre que este sea parte de una composici\u00f3n.<\/p>\r\n\r\n\r\n\r\n<p>Si tienes preguntas o dudas espec\u00edficas sobre el uso de la marca y los logos de Low Pressure Fitness, solicita m\u00e1s informaci\u00f3n a:\u00a0comunicacion@lowpressurefitness.com.<\/p>\r\n","protected":false},"excerpt":{"rendered":"<p>Puedes utilizar las marcas comerciales de Low Pressure Fitness Ya que te has formado con nosotros y eres un Trainer Certificado en Low Pressure Fitness (LPF-CT) puedes usar el logo LPF. Tan s\u00f3lo tienes que seguir las pautas que siguen. Recuerda que al ser LPF-CT est\u00e1s ofreciendo garant\u00eda internacional de profesionalidad, muy valorada en el &hellip; <a href=\"http:\/\/mx.lownew.zadiasoftware.com\/es\/uso-marca-logos-lpf\/\">Continued<\/a><\/p>\n","protected":false},"author":1,"featured_media":0,"parent":0,"menu_order":0,"comment_status":"closed","ping_status":"closed","template":"","meta":{"footnotes":""},"_links":{"self":[{"href":"http:\/\/mx.lownew.zadiasoftware.com\/es\/wp-json\/wp\/v2\/pages\/51\/"}],"collection":[{"href":"http:\/\/mx.lownew.zadiasoftware.com\/es\/wp-json\/wp\/v2\/pages\/"}],"about":[{"href":"http:\/\/mx.lownew.zadiasoftware.com\/es\/wp-json\/wp\/v2\/types\/page\/"}],"author":[{"embeddable":true,"href":"http:\/\/mx.lownew.zadiasoftware.com\/es\/wp-json\/wp\/v2\/users\/1\/"}],"replies":[{"embeddable":true,"href":"http:\/\/mx.lownew.zadiasoftware.com\/es\/wp-json\/wp\/v2\/comments\/?post=51"}],"version-history":[{"count":0,"href":"http:\/\/mx.lownew.zadiasoftware.com\/es\/wp-json\/wp\/v2\/pages\/51\/revisions\/"}],"wp:attachment":[{"href":"http:\/\/mx.lownew.zadiasoftware.com\/es\/wp-json\/wp\/v2\/media\/?parent=51"}],"curies":[{"name":"wp","href":"https:\/\/api.w.org\/{rel}","templated":true}]}}