{"id":49986,"date":"2020-06-12T10:04:36","date_gmt":"2020-06-12T08:04:36","guid":{"rendered":"http:\/\/lownew.zadiasoftware.com\/product\/re-certificacion-mx\/"},"modified":"2026-03-26T06:01:01","modified_gmt":"2026-03-26T05:01:01","slug":"re-certificacion-mx","status":"publish","type":"product","link":"http:\/\/mx.lownew.zadiasoftware.com\/es\/producto\/re-certificacion-mx\/","title":{"rendered":"Re-Certificaci\u00f3n MX"},"content":{"rendered":"<p>La Recertificaci\u00f3n consiste en un examen, de 25 preguntas tipo test, sobre varios art\u00edculos y publicaciones del LPF Journal que se detallan a continuaci\u00f3n. Es importante la lectura de los art\u00edculos de esta lista, as\u00ed como de los art\u00edculos que van enlazados en cada uno de ellos:<\/p>\n<ul class=\"standar-ul\">\n<li>1. <a href='https:\/\/www.lowpressurefitness.com\/es\/mima-musculos-postura-diafragma-psoas\/'>Mima tus m\u00fasculos de la postura: Diafragma y psoas<\/a><\/li>\n<li>2. <a href='https:\/\/www.lowpressurefitness.com\/es\/progresion-clave-sesion-low-pressure-fitness\/'>Progresi\u00f3n: La clave de la sesi\u00f3n Low Pressure Fitness<\/a><\/li>\n<li>3. <a href='https:\/\/www.lowpressurefitness.com\/es\/hipopresivos-masaje-mejora-dolor-lumbar\/'>Hipopresivos y masaje: aliados en la mejora del dolor lumbar cr\u00f3nico<\/a><\/li>\n<li>4. <a href='https:\/\/www.lowpressurefitness.com\/es\/importancia-postura-suelo-pelvico\/'>La importancia de la postura para el suelo p\u00e9lvico<\/a><\/li>\n<li>5. <a href='https:\/\/www.lowpressurefitness.com\/es\/training-mask-evidencias-uso\/'>Training mask \u2013 Evidencias y uso<\/a><\/li>\n<li>6. <a href='https:\/\/www.lowpressurefitness.com\/es\/estiramiento-diafragma-mejora-cinematica-posterior-toracica\/'>Estiramiento del diafragma en la mejora de la cinem\u00e1tica de la cadena posterior y de la caja tor\u00e1cica<\/a><\/li>\n<li>7. <a href='https:\/\/www.lowpressurefitness.com\/es\/errores-frecuentes-entrenamiento-suelo-pelvico\/'>\u00bfCu\u00e1les son los errores m\u00e1s frecuentes al entrenar el suelo p\u00e9lvico?<\/a><\/li>\n<li>8. <a href='https:\/\/www.lowpressurefitness.com\/es\/cerrar-linea-alba-paradigma-rehabilitacion-diastasis-abdominal\/'>\u00bfCerrar o no la l\u00ednea alba? Nuevo paradigma de rehabilitaci\u00f3n de la di\u00e1stasis abdominal<\/a><\/li>\n<li>9. <a href='https:\/\/www.lowpressurefitness.com\/es\/dispositivos-proteccion-urinaria-la-mujer-deportista\/'>Dispositivos de protecci\u00f3n urinaria para el deporte<\/a><\/li>\n<li>10. <a href='https:\/\/www.lowpressurefitness.com\/es\/errores-comunes-practicar-lpf\/'>5 errores m\u00e1s comunes al practicar Low Pressure Fitness<\/a><\/li>\n<p>El alumno tendr\u00e1 30 d\u00edas desde el momento de la compra para realizar la prueba. Se tendr\u00e1 en cuenta la hora de la compra para la finalizaci\u00f3n de los 30 d\u00edas<\/p>\n<p>En caso de que el alumno no realice el examen en el plazo de 30 d\u00edas estipulado, tendr\u00e1 que volver a realizar la compra.<\/p>\n<p>En el caso de resultar NO APTO, el alumno tendr\u00e1 una segunda oportunidad para realizar el examen transcurridas 24 horas, y un nuevo plazo para realizarlo de 10 d\u00edas accediendo desde el mismo enlace.<\/p>\n<p>Recibir\u00e1s de nuevo un diploma con tu c\u00f3digo de certificaci\u00f3n internacional en Low Pressure Fitness y seguir\u00e1s apareciendo en nuestra web como Certified.<\/p>\n<p>\u2022 25 Preguntas<br \/>\n\u2022 Tipo Test<br \/>\n\u2022 Temario aprendido durante los 3 Niveles presenciales<br \/>\n\u2022 45 minutos para completarlo<br \/>\n\u2022 Para ser apto el alumno tendr\u00e1 que contestar al menos 20 preguntas correctas<br \/>\n\u2022 En caso de no pasar la prueba se da la oportunidad de una convocatoria extra<\/p>\n<p>Tiene un periodo de validez de 2 a\u00f1os.<\/p>\n","protected":false},"excerpt":{"rendered":"<p>Renueva tu Certificado LPF-CT.<\/p>\n<p>\u2605Para seguir perteneciendo a la comunidad de entrenadores certificados LPF-CT  renueva tu certificaci\u00f3n Low Pressure Fitness.  <\/p>\n<p>\u2605El examen de re-certificaci\u00f3n se realiza para acreditar tus conocimientos y habilidades profesionales en relaci\u00f3n con el sistema Low Pressure Fitness y para demostrar que te mantienes actualizado y que est\u00e1s en condiciones de seguir trabajando impartiendo el sistema LPF.<\/p>\n<p>\u2022 Dirigido a alumnos de nivel 3 que deseen renovar su Certificaci\u00f3n LPF cuya validez haya expirado.<br \/>\n\u2022 Coste: 0\u20ac<\/p>\n<p>\u2022Validez de la renovaci\u00f3n: 2 a\u00f1os<\/p>\n","protected":false},"featured_media":54,"template":"","meta":[],"_links":{"self":[{"href":"http:\/\/mx.lownew.zadiasoftware.com\/es\/wp-json\/wp\/v2\/product\/49986\/"}],"collection":[{"href":"http:\/\/mx.lownew.zadiasoftware.com\/es\/wp-json\/wp\/v2\/product\/"}],"about":[{"href":"http:\/\/mx.lownew.zadiasoftware.com\/es\/wp-json\/wp\/v2\/types\/product\/"}],"wp:featuredmedia":[{"embeddable":true,"href":"http:\/\/mx.lownew.zadiasoftware.com\/es\/wp-json\/wp\/v2\/media\/54\/"}],"wp:attachment":[{"href":"http:\/\/mx.lownew.zadiasoftware.com\/es\/wp-json\/wp\/v2\/media\/?parent=49986"}],"curies":[{"name":"wp","href":"https:\/\/api.w.org\/{rel}","templated":true}]}}