{"id":50013,"date":"2020-06-12T10:27:21","date_gmt":"2020-06-12T08:27:21","guid":{"rendered":"http:\/\/lownew.zadiasoftware.com\/product\/workshop-lpf-con-materiales-2\/"},"modified":"2026-03-26T06:01:21","modified_gmt":"2026-03-26T05:01:21","slug":"workshop-lpf-con-materiales-2","status":"publish","type":"product","link":"http:\/\/mx.lownew.zadiasoftware.com\/es\/producto\/workshop-lpf-con-materiales-2\/","title":{"rendered":"Workshop LPF con Materiales."},"content":{"rendered":"<p>Con el uso de materiales de entrenamiento proporcionas mayor versatilidad y aplicaci\u00f3n pr\u00e1ctica a las clases de Low Pressure Fitness. Otorgas un nuevo desaf\u00edo, reto y mayor aprendizaje t\u00e9cnico a tus clientes. Asimismo, con la aplicaci\u00f3n de los materiales que te proponemos en este Workshop 100% pr\u00e1ctico de LPF podr\u00e1s trabajar entre otros: el eje vertical, la estabilidad, el estiramiento miofascial y la resistencia muscular con el fitball, tirante musculador y bandas el\u00e1sticas. <\/p>\n<p>No lo pienses m\u00e1s. Progresa en tu Formaci\u00f3n LPF y fideliza a tu p\u00fablico introduciendo estos nuevos materiales en tus sesiones.<\/p>\n<p>Si eres Certified LPF trainer tienes un 80% de descuento (Precio: 200 MXN).<\/p>\n<p>4 meses de acceso a la plataforma desde el d\u00eda de la compra.<\/p>\n<p>3 horas lectivas.<\/p>\n<p>.<\/p>\n","protected":false},"excerpt":{"rendered":"<p>De la mano de la Dra. Rial, hemos creado este workshop online de Low Pressure Fitness con materiales siguiendo nuestras ganas de ofrecerte siempre lo mejor para que puedas poner en pr\u00e1ctica en tus clases y ofrezcas multitud de variedad a tus clientes.<\/p>\n","protected":false},"featured_media":2037,"template":"","meta":[],"_links":{"self":[{"href":"http:\/\/mx.lownew.zadiasoftware.com\/es\/wp-json\/wp\/v2\/product\/50013\/"}],"collection":[{"href":"http:\/\/mx.lownew.zadiasoftware.com\/es\/wp-json\/wp\/v2\/product\/"}],"about":[{"href":"http:\/\/mx.lownew.zadiasoftware.com\/es\/wp-json\/wp\/v2\/types\/product\/"}],"wp:featuredmedia":[{"embeddable":true,"href":"http:\/\/mx.lownew.zadiasoftware.com\/es\/wp-json\/wp\/v2\/media\/2037\/"}],"wp:attachment":[{"href":"http:\/\/mx.lownew.zadiasoftware.com\/es\/wp-json\/wp\/v2\/media\/?parent=50013"}],"curies":[{"name":"wp","href":"https:\/\/api.w.org\/{rel}","templated":true}]}}