{"id":50466,"date":"2020-08-07T09:33:58","date_gmt":"2020-08-07T07:33:58","guid":{"rendered":"http:\/\/lownew.zadiasoftware.com\/product\/lpf-online-pt-mx-level-3\/"},"modified":"2026-03-26T06:01:25","modified_gmt":"2026-03-26T05:01:25","slug":"lpf-online-pt-mx-level-3","status":"publish","type":"product","link":"http:\/\/mx.lownew.zadiasoftware.com\/es\/producto\/lpf-online-pt-mx-level-3\/","title":{"rendered":"LPF Online PT MX-Level 3"},"content":{"rendered":"<p>\u2605Requirementos para completar o n\u00edvel LPF online:<\/p>\n<p>\u2022Conclus\u00e3o de pelo menos 20 horas de visualiza\u00e7\u00e3o do conte\u00fado (todos os v\u00eddeos devem ser visualizados na \u00edntegra).<br \/>\n\u2022Passar no teste de auto-avalia\u00e7\u00e3o como passe.<\/p>\n<p>Uma vez aprovados os requisitos, o estatuto do n\u00edvel online ser\u00e1 PASS.<\/p>\n","protected":false},"excerpt":{"rendered":"<p>Curso Online N\u00edvel 3. S\u00e9rie Neurodin\u00e2mica.<br \/>\nL\u00cdNGUA: Portugu\u00eas<\/p>\n<p>INCLUI:<br \/>\n\u2022 57 v\u00eddeos_8 Unidades_ 12 Temas.<br \/>\n\u2022  Material did\u00e1ctico em formato digital (em portugu\u00e9s).<br \/>\n\u2022 Certificado em formato digital.<br \/>\n\u2022  Acesso ao curso durante 4 meses.<br \/>\n\u2022  Possibilidade de prolongar o acesso por mais 30 dias sem encargos (ver condi\u00e7\u00f5es).<\/p>\n","protected":false},"featured_media":2033,"template":"","meta":[],"_links":{"self":[{"href":"http:\/\/mx.lownew.zadiasoftware.com\/es\/wp-json\/wp\/v2\/product\/50466\/"}],"collection":[{"href":"http:\/\/mx.lownew.zadiasoftware.com\/es\/wp-json\/wp\/v2\/product\/"}],"about":[{"href":"http:\/\/mx.lownew.zadiasoftware.com\/es\/wp-json\/wp\/v2\/types\/product\/"}],"wp:featuredmedia":[{"embeddable":true,"href":"http:\/\/mx.lownew.zadiasoftware.com\/es\/wp-json\/wp\/v2\/media\/2033\/"}],"wp:attachment":[{"href":"http:\/\/mx.lownew.zadiasoftware.com\/es\/wp-json\/wp\/v2\/media\/?parent=50466"}],"curies":[{"name":"wp","href":"https:\/\/api.w.org\/{rel}","templated":true}]}}